{"id":2,"date":"2026-02-20T16:15:32","date_gmt":"2026-02-20T16:15:32","guid":{"rendered":"https:\/\/enlagaperitaciones.rkinformatika.online\/?page_id=2"},"modified":"2026-04-13T09:00:56","modified_gmt":"2026-04-13T09:00:56","slug":"inicio","status":"publish","type":"page","link":"https:\/\/enlagaperitaciones.com\/eu\/","title":{"rendered":"Hasiera"},"content":{"rendered":"<div data-elementor-type=\"wp-page\" data-elementor-id=\"2\" class=\"elementor elementor-2\" data-elementor-post-type=\"page\">\n\t\t\t\t<div class=\"elementor-element elementor-element-8914690 e-flex e-con-boxed e-con e-parent\" data-id=\"8914690\" data-element_type=\"container\" data-e-type=\"container\" data-settings=\"{&quot;background_background&quot;:&quot;classic&quot;}\">\n\t\t\t\t\t<div class=\"e-con-inner\">\n\t\t\t\t<div class=\"elementor-element elementor-element-d252cb2 elementor-widget elementor-widget-heading\" data-id=\"d252cb2\" data-element_type=\"widget\" data-e-type=\"widget\" data-widget_type=\"heading.default\">\n\t\t\t\t\t<h2 class=\"elementor-heading-title elementor-size-default\">ENLAGA PERITACIONES<\/h2>\t\t\t\t<\/div>\n\t\t\t\t<div class=\"elementor-element elementor-element-551b183 elementor-widget elementor-widget-text-editor\" data-id=\"551b183\" data-element_type=\"widget\" data-e-type=\"widget\" data-widget_type=\"text-editor.default\">\n\t\t\t\t\t\t\t\t\t<p>Laguntza espezializatua eta balorazio objektiboak Etxe, Merkataritza, ETE eta Erantzukizun Zibilerako. Beti zure zerbitzura.<\/p>\t\t\t\t\t\t\t\t<\/div>\n\t\t\t\t\t<\/div>\n\t\t\t\t<\/div>\n\t\t<div class=\"elementor-element elementor-element-e620588 e-flex e-con-boxed e-con e-parent\" data-id=\"e620588\" data-element_type=\"container\" data-e-type=\"container\" data-settings=\"{&quot;background_background&quot;:&quot;classic&quot;}\">\n\t\t\t\t\t<div class=\"e-con-inner\">\n\t\t<div class=\"elementor-element elementor-element-cba6e61 e-con-full e-flex e-con e-child\" data-id=\"cba6e61\" data-element_type=\"container\" data-e-type=\"container\">\n\t\t\t\t<div class=\"elementor-element elementor-element-5803177 elementor-widget elementor-widget-image\" data-id=\"5803177\" data-element_type=\"widget\" data-e-type=\"widget\" data-widget_type=\"image.default\">\n\t\t\t\t\t\t\t\t\t\t\t\t\t\t\t<img fetchpriority=\"high\" decoding=\"async\" width=\"2048\" height=\"1896\" src=\"https:\/\/enlagaperitaciones.com\/wp-content\/uploads\/2026\/04\/82677ab1-bb3d-4cca-8006-8c0405ec0a9f-2026-04-13-2048x1896.jpeg\" class=\"attachment-2048x2048 size-2048x2048 wp-image-376\" alt=\"\" srcset=\"https:\/\/enlagaperitaciones.com\/wp-content\/uploads\/2026\/04\/82677ab1-bb3d-4cca-8006-8c0405ec0a9f-2026-04-13-2048x1896.jpeg 2048w, https:\/\/enlagaperitaciones.com\/wp-content\/uploads\/2026\/04\/82677ab1-bb3d-4cca-8006-8c0405ec0a9f-2026-04-13-300x278.jpeg 300w, https:\/\/enlagaperitaciones.com\/wp-content\/uploads\/2026\/04\/82677ab1-bb3d-4cca-8006-8c0405ec0a9f-2026-04-13-1024x948.jpeg 1024w, https:\/\/enlagaperitaciones.com\/wp-content\/uploads\/2026\/04\/82677ab1-bb3d-4cca-8006-8c0405ec0a9f-2026-04-13-768x711.jpeg 768w, https:\/\/enlagaperitaciones.com\/wp-content\/uploads\/2026\/04\/82677ab1-bb3d-4cca-8006-8c0405ec0a9f-2026-04-13-1536x1422.jpeg 1536w, https:\/\/enlagaperitaciones.com\/wp-content\/uploads\/2026\/04\/82677ab1-bb3d-4cca-8006-8c0405ec0a9f-2026-04-13-13x12.jpeg 13w\" sizes=\"(max-width: 2048px) 100vw, 2048px\" \/>\t\t\t\t\t\t\t\t\t\t\t\t\t\t\t<\/div>\n\t\t\t\t<\/div>\n\t\t<div class=\"elementor-element elementor-element-00fd9a1 e-con-full e-flex e-con e-child\" data-id=\"00fd9a1\" data-element_type=\"container\" data-e-type=\"container\">\n\t\t\t\t<div class=\"elementor-element elementor-element-2ffcda9 elementor-widget elementor-widget-heading\" data-id=\"2ffcda9\" data-element_type=\"widget\" data-e-type=\"widget\" data-widget_type=\"heading.default\">\n\t\t\t\t\t<h2 class=\"elementor-heading-title elementor-size-default\">Konpromisoa eta zorroztasuna txosten bakoitzean<\/h2>\t\t\t\t<\/div>\n\t\t\t\t<div class=\"elementor-element elementor-element-a74e20e elementor-widget elementor-widget-text-editor\" data-id=\"a74e20e\" data-element_type=\"widget\" data-e-type=\"widget\" data-widget_type=\"text-editor.default\">\n\t\t\t\t\t\t\t\t\t<p data-path-to-node=\"6,0\">Enlaga Peritaciones misio argi batekin sortu zen: aseguru merkatuari argitasuna eta zehaztasun teknikoa ematea. Gure ibilbidean zehar, ezbeharren kudeaketan eta balorazioan erreferente gisa finkatu gara, gure hazkundea objektibotasunean eta erantzuteko azkartasunean oinarrituta.<\/p><p data-path-to-node=\"6,1\">Etxe, Merkataritza, ETE eta Erantzukizun Zibilaren sektoreetarako azterketa xehatuan espezializatzen gara, espediente bakoitzaren atzean irtenbideak bilatzen dituen bezero bat eta profesionaltasuna eskatzen duen konpainia bat daudela ulertuta. Ez ditugu kalteak bakarrik ebaluatzen; horiek konpontzeko oinarri teknikoa eraikitzen dugu.<\/p>\t\t\t\t\t\t\t\t<\/div>\n\t\t\t\t<\/div>\n\t\t\t\t\t<\/div>\n\t\t\t\t<\/div>\n\t\t<div class=\"elementor-element elementor-element-0dde0b6 e-flex e-con-boxed e-con e-parent\" data-id=\"0dde0b6\" data-element_type=\"container\" data-e-type=\"container\" data-settings=\"{&quot;background_background&quot;:&quot;classic&quot;}\">\n\t\t\t\t\t<div class=\"e-con-inner\">\n\t\t<div class=\"elementor-element elementor-element-561e64b e-con-full e-flex e-con e-child\" data-id=\"561e64b\" data-element_type=\"container\" data-e-type=\"container\">\n\t\t\t\t<div class=\"elementor-element elementor-element-134bd88 elementor-widget elementor-widget-heading\" data-id=\"134bd88\" data-element_type=\"widget\" data-e-type=\"widget\" data-widget_type=\"heading.default\">\n\t\t\t\t\t<h2 class=\"elementor-heading-title elementor-size-default\">Bikaintasun teknikoa zure zerbitzura<\/h2>\t\t\t\t<\/div>\n\t\t\t\t<div class=\"elementor-element elementor-element-7679c10 elementor-widget elementor-widget-text-editor\" data-id=\"7679c10\" data-element_type=\"widget\" data-e-type=\"widget\" data-widget_type=\"text-editor.default\">\n\t\t\t\t\t\t\t\t\t<p data-path-to-node=\"6,0\">Enlaga Peritaciones-en zorroztasun teknikoa zerbitzu iraunkorrerako bokazioarekin konbinatzen dugu. Etxe, merkataritza, ETE eta erantzukizun zibileko sektoreetan espezializatuta, ezbeharren kudeaketa prozesu arin, objektibo eta garden bihurtzen dugu. Konplexutasun teknikoa konfiantzazko irtenbide bihurtzeko zuen aliatu estrategikoa gara.<\/p>\t\t\t\t\t\t\t\t<\/div>\n\t\t\t\t<\/div>\n\t\t\t\t\t<\/div>\n\t\t\t\t<\/div>\n\t\t<div class=\"elementor-element elementor-element-6c257c7 e-flex e-con-boxed e-con e-parent\" data-id=\"6c257c7\" data-element_type=\"container\" data-e-type=\"container\" data-settings=\"{&quot;background_background&quot;:&quot;classic&quot;}\">\n\t\t\t\t\t<div class=\"e-con-inner\">\n\t\t\t\t<div class=\"elementor-element elementor-element-8572dfd elementor-widget elementor-widget-heading\" data-id=\"8572dfd\" data-element_type=\"widget\" data-e-type=\"widget\" data-widget_type=\"heading.default\">\n\t\t\t\t\t<h2 class=\"elementor-heading-title elementor-size-default\">Interesatzen zaizu edo gehiago jakin nahi duzu?<\/h2>\t\t\t\t<\/div>\n\t\t\t\t<div class=\"elementor-element elementor-element-28fadd5 elementor-widget elementor-widget-button\" data-id=\"28fadd5\" data-element_type=\"widget\" data-e-type=\"widget\" data-widget_type=\"button.default\">\n\t\t\t\t\t\t\t\t\t\t<a class=\"elementor-button elementor-button-link elementor-size-sm\" href=\"https:\/\/enlagaperitaciones.com\/eu\/servicios\/\">\n\t\t\t\t\t\t<span class=\"elementor-button-content-wrapper\">\n\t\t\t\t\t\t\t\t\t<span class=\"elementor-button-text\">Egin klik hemen<\/span>\n\t\t\t\t\t<\/span>\n\t\t\t\t\t<\/a>\n\t\t\t\t\t\t\t\t<\/div>\n\t\t\t\t\t<\/div>\n\t\t\t\t<\/div>\n\t\t\t\t<\/div>","protected":false},"excerpt":{"rendered":"<p>ENLAGA PERITACIONES Asistencia especializada y valoraciones objetivas para Hogar, Comercio, PYMES y Responsabilidad Civil. Siempre a su servicio. Compromiso y Rigor en cada Informe Enlaga Peritaciones naci\u00f3 con una misi\u00f3n clara: aportar claridad y precisi\u00f3n t\u00e9cnica al mercado asegurador. A lo largo de nuestra trayectoria, nos hemos consolidado como un referente en la gesti\u00f3n y [&hellip;]<\/p>\n","protected":false},"author":1,"featured_media":0,"parent":0,"menu_order":0,"comment_status":"closed","ping_status":"closed","template":"elementor_canvas","meta":{"footnotes":""},"class_list":["post-2","page","type-page","status-publish","hentry"],"yoast_head":"<!-- This site is optimized with the Yoast SEO plugin v27.4 - https:\/\/yoast.com\/product\/yoast-seo-wordpress\/ -->\n<title>Inicio - Enlaga Peritaciones<\/title>\n<meta name=\"robots\" content=\"index, follow, max-snippet:-1, max-image-preview:large, max-video-preview:-1\" \/>\n<link rel=\"canonical\" href=\"https:\/\/enlagaperitaciones.com\/eu\/\" \/>\n<meta property=\"og:locale\" content=\"en_US\" \/>\n<meta property=\"og:type\" content=\"article\" \/>\n<meta property=\"og:title\" content=\"Inicio - Enlaga Peritaciones\" \/>\n<meta property=\"og:description\" content=\"ENLAGA PERITACIONES Asistencia especializada y valoraciones objetivas para Hogar, Comercio, PYMES y Responsabilidad Civil. Siempre a su servicio. Compromiso y Rigor en cada Informe Enlaga Peritaciones naci\u00f3 con una misi\u00f3n clara: aportar claridad y precisi\u00f3n t\u00e9cnica al mercado asegurador. A lo largo de nuestra trayectoria, nos hemos consolidado como un referente en la gesti\u00f3n y [&hellip;]\" \/>\n<meta property=\"og:url\" content=\"https:\/\/enlagaperitaciones.com\/eu\/\" \/>\n<meta property=\"og:site_name\" content=\"Enlaga Peritaciones\" \/>\n<meta property=\"article:modified_time\" content=\"2026-04-13T09:00:56+00:00\" \/>\n<meta property=\"og:image\" content=\"https:\/\/enlagaperitaciones.com\/wp-content\/uploads\/2026\/04\/82677ab1-bb3d-4cca-8006-8c0405ec0a9f-2026-04-13-2048x1896.jpeg\" \/>\n<meta name=\"twitter:card\" content=\"summary_large_image\" \/>\n<meta name=\"twitter:label1\" content=\"Est. reading time\" \/>\n\t<meta name=\"twitter:data1\" content=\"1 minutua\" \/>\n<script type=\"application\/ld+json\" class=\"yoast-schema-graph\">{\"@context\":\"https:\\\/\\\/schema.org\",\"@graph\":[{\"@type\":\"WebPage\",\"@id\":\"https:\\\/\\\/enlagaperitaciones.com\\\/\",\"url\":\"https:\\\/\\\/enlagaperitaciones.com\\\/\",\"name\":\"Inicio - Enlaga Peritaciones\",\"isPartOf\":{\"@id\":\"https:\\\/\\\/enlagaperitaciones.com\\\/#website\"},\"primaryImageOfPage\":{\"@id\":\"https:\\\/\\\/enlagaperitaciones.com\\\/#primaryimage\"},\"image\":{\"@id\":\"https:\\\/\\\/enlagaperitaciones.com\\\/#primaryimage\"},\"thumbnailUrl\":\"https:\\\/\\\/enlagaperitaciones.com\\\/wp-content\\\/uploads\\\/2026\\\/04\\\/82677ab1-bb3d-4cca-8006-8c0405ec0a9f-2026-04-13-2048x1896.jpeg\",\"datePublished\":\"2026-02-20T16:15:32+00:00\",\"dateModified\":\"2026-04-13T09:00:56+00:00\",\"breadcrumb\":{\"@id\":\"https:\\\/\\\/enlagaperitaciones.com\\\/#breadcrumb\"},\"inLanguage\":\"eu\",\"potentialAction\":[{\"@type\":\"ReadAction\",\"target\":[\"https:\\\/\\\/enlagaperitaciones.com\\\/\"]}]},{\"@type\":\"ImageObject\",\"inLanguage\":\"eu\",\"@id\":\"https:\\\/\\\/enlagaperitaciones.com\\\/#primaryimage\",\"url\":\"https:\\\/\\\/enlagaperitaciones.com\\\/wp-content\\\/uploads\\\/2026\\\/04\\\/82677ab1-bb3d-4cca-8006-8c0405ec0a9f-2026-04-13-2048x1896.jpeg\",\"contentUrl\":\"https:\\\/\\\/enlagaperitaciones.com\\\/wp-content\\\/uploads\\\/2026\\\/04\\\/82677ab1-bb3d-4cca-8006-8c0405ec0a9f-2026-04-13-2048x1896.jpeg\"},{\"@type\":\"BreadcrumbList\",\"@id\":\"https:\\\/\\\/enlagaperitaciones.com\\\/#breadcrumb\",\"itemListElement\":[{\"@type\":\"ListItem\",\"position\":1,\"name\":\"Portada\",\"item\":\"https:\\\/\\\/enlagaperitaciones.com\\\/\"},{\"@type\":\"ListItem\",\"position\":2,\"name\":\"Inicio\"}]},{\"@type\":\"WebSite\",\"@id\":\"https:\\\/\\\/enlagaperitaciones.com\\\/#website\",\"url\":\"https:\\\/\\\/enlagaperitaciones.com\\\/\",\"name\":\"Enlaga Peritaciones\",\"description\":\"Peritaci\u00f3n particulares y especialidad en seguros\",\"publisher\":{\"@id\":\"https:\\\/\\\/enlagaperitaciones.com\\\/#organization\"},\"potentialAction\":[{\"@type\":\"SearchAction\",\"target\":{\"@type\":\"EntryPoint\",\"urlTemplate\":\"https:\\\/\\\/enlagaperitaciones.com\\\/?s={search_term_string}\"},\"query-input\":{\"@type\":\"PropertyValueSpecification\",\"valueRequired\":true,\"valueName\":\"search_term_string\"}}],\"inLanguage\":\"eu\"},{\"@type\":\"Organization\",\"@id\":\"https:\\\/\\\/enlagaperitaciones.com\\\/#organization\",\"name\":\"Enlaga Peritaciones\",\"url\":\"https:\\\/\\\/enlagaperitaciones.com\\\/\",\"logo\":{\"@type\":\"ImageObject\",\"inLanguage\":\"eu\",\"@id\":\"https:\\\/\\\/enlagaperitaciones.com\\\/#\\\/schema\\\/logo\\\/image\\\/\",\"url\":\"https:\\\/\\\/enlagaperitaciones.com\\\/wp-content\\\/uploads\\\/2026\\\/03\\\/cropped-Diseno-sin-titulo-1.png\",\"contentUrl\":\"https:\\\/\\\/enlagaperitaciones.com\\\/wp-content\\\/uploads\\\/2026\\\/03\\\/cropped-Diseno-sin-titulo-1.png\",\"width\":276,\"height\":310,\"caption\":\"Enlaga Peritaciones\"},\"image\":{\"@id\":\"https:\\\/\\\/enlagaperitaciones.com\\\/#\\\/schema\\\/logo\\\/image\\\/\"}}]}<\/script>\n<!-- \/ Yoast SEO plugin. -->","yoast_head_json":{"title":"Inicio - Enlaga Peritaciones","robots":{"index":"index","follow":"follow","max-snippet":"max-snippet:-1","max-image-preview":"max-image-preview:large","max-video-preview":"max-video-preview:-1"},"canonical":"https:\/\/enlagaperitaciones.com\/eu\/","og_locale":"en_US","og_type":"article","og_title":"Inicio - Enlaga Peritaciones","og_description":"ENLAGA PERITACIONES Asistencia especializada y valoraciones objetivas para Hogar, Comercio, PYMES y Responsabilidad Civil. Siempre a su servicio. Compromiso y Rigor en cada Informe Enlaga Peritaciones naci\u00f3 con una misi\u00f3n clara: aportar claridad y precisi\u00f3n t\u00e9cnica al mercado asegurador. A lo largo de nuestra trayectoria, nos hemos consolidado como un referente en la gesti\u00f3n y [&hellip;]","og_url":"https:\/\/enlagaperitaciones.com\/eu\/","og_site_name":"Enlaga Peritaciones","article_modified_time":"2026-04-13T09:00:56+00:00","og_image":[{"url":"https:\/\/enlagaperitaciones.com\/wp-content\/uploads\/2026\/04\/82677ab1-bb3d-4cca-8006-8c0405ec0a9f-2026-04-13-2048x1896.jpeg","type":"","width":"","height":""}],"twitter_card":"summary_large_image","twitter_misc":{"Est. reading time":"1 minutua"},"schema":{"@context":"https:\/\/schema.org","@graph":[{"@type":"WebPage","@id":"https:\/\/enlagaperitaciones.com\/","url":"https:\/\/enlagaperitaciones.com\/","name":"Inicio - Enlaga Peritaciones","isPartOf":{"@id":"https:\/\/enlagaperitaciones.com\/#website"},"primaryImageOfPage":{"@id":"https:\/\/enlagaperitaciones.com\/#primaryimage"},"image":{"@id":"https:\/\/enlagaperitaciones.com\/#primaryimage"},"thumbnailUrl":"https:\/\/enlagaperitaciones.com\/wp-content\/uploads\/2026\/04\/82677ab1-bb3d-4cca-8006-8c0405ec0a9f-2026-04-13-2048x1896.jpeg","datePublished":"2026-02-20T16:15:32+00:00","dateModified":"2026-04-13T09:00:56+00:00","breadcrumb":{"@id":"https:\/\/enlagaperitaciones.com\/#breadcrumb"},"inLanguage":"eu","potentialAction":[{"@type":"ReadAction","target":["https:\/\/enlagaperitaciones.com\/"]}]},{"@type":"ImageObject","inLanguage":"eu","@id":"https:\/\/enlagaperitaciones.com\/#primaryimage","url":"https:\/\/enlagaperitaciones.com\/wp-content\/uploads\/2026\/04\/82677ab1-bb3d-4cca-8006-8c0405ec0a9f-2026-04-13-2048x1896.jpeg","contentUrl":"https:\/\/enlagaperitaciones.com\/wp-content\/uploads\/2026\/04\/82677ab1-bb3d-4cca-8006-8c0405ec0a9f-2026-04-13-2048x1896.jpeg"},{"@type":"BreadcrumbList","@id":"https:\/\/enlagaperitaciones.com\/#breadcrumb","itemListElement":[{"@type":"ListItem","position":1,"name":"Portada","item":"https:\/\/enlagaperitaciones.com\/"},{"@type":"ListItem","position":2,"name":"Inicio"}]},{"@type":"WebSite","@id":"https:\/\/enlagaperitaciones.com\/#website","url":"https:\/\/enlagaperitaciones.com\/","name":"Enlaga Peritaciones","description":"Peritaci\u00f3n particulares y especialidad en seguros","publisher":{"@id":"https:\/\/enlagaperitaciones.com\/#organization"},"potentialAction":[{"@type":"SearchAction","target":{"@type":"EntryPoint","urlTemplate":"https:\/\/enlagaperitaciones.com\/?s={search_term_string}"},"query-input":{"@type":"PropertyValueSpecification","valueRequired":true,"valueName":"search_term_string"}}],"inLanguage":"eu"},{"@type":"Organization","@id":"https:\/\/enlagaperitaciones.com\/#organization","name":"Enlaga Peritaciones","url":"https:\/\/enlagaperitaciones.com\/","logo":{"@type":"ImageObject","inLanguage":"eu","@id":"https:\/\/enlagaperitaciones.com\/#\/schema\/logo\/image\/","url":"https:\/\/enlagaperitaciones.com\/wp-content\/uploads\/2026\/03\/cropped-Diseno-sin-titulo-1.png","contentUrl":"https:\/\/enlagaperitaciones.com\/wp-content\/uploads\/2026\/03\/cropped-Diseno-sin-titulo-1.png","width":276,"height":310,"caption":"Enlaga Peritaciones"},"image":{"@id":"https:\/\/enlagaperitaciones.com\/#\/schema\/logo\/image\/"}}]}},"_links":{"self":[{"href":"https:\/\/enlagaperitaciones.com\/eu\/wp-json\/wp\/v2\/pages\/2","targetHints":{"allow":["GET"]}}],"collection":[{"href":"https:\/\/enlagaperitaciones.com\/eu\/wp-json\/wp\/v2\/pages"}],"about":[{"href":"https:\/\/enlagaperitaciones.com\/eu\/wp-json\/wp\/v2\/types\/page"}],"author":[{"embeddable":true,"href":"https:\/\/enlagaperitaciones.com\/eu\/wp-json\/wp\/v2\/users\/1"}],"replies":[{"embeddable":true,"href":"https:\/\/enlagaperitaciones.com\/eu\/wp-json\/wp\/v2\/comments?post=2"}],"version-history":[{"count":115,"href":"https:\/\/enlagaperitaciones.com\/eu\/wp-json\/wp\/v2\/pages\/2\/revisions"}],"predecessor-version":[{"id":469,"href":"https:\/\/enlagaperitaciones.com\/eu\/wp-json\/wp\/v2\/pages\/2\/revisions\/469"}],"wp:attachment":[{"href":"https:\/\/enlagaperitaciones.com\/eu\/wp-json\/wp\/v2\/media?parent=2"}],"curies":[{"name":"wp","href":"https:\/\/api.w.org\/{rel}","templated":true}]}}