{"id":12,"date":"2026-02-20T16:25:13","date_gmt":"2026-02-20T16:25:13","guid":{"rendered":"https:\/\/enlagaperitaciones.rkinformatika.online\/?page_id=12"},"modified":"2026-04-13T08:21:40","modified_gmt":"2026-04-13T08:21:40","slug":"servicios","status":"publish","type":"page","link":"https:\/\/enlagaperitaciones.com\/eu\/servicios\/","title":{"rendered":"Zerbitzuak"},"content":{"rendered":"<div data-elementor-type=\"wp-page\" data-elementor-id=\"12\" class=\"elementor elementor-12\" data-elementor-post-type=\"page\">\n\t\t\t\t<div class=\"elementor-element elementor-element-fc67870 e-flex e-con-boxed e-con e-parent\" data-id=\"fc67870\" data-element_type=\"container\" data-e-type=\"container\" data-settings=\"{&quot;background_background&quot;:&quot;classic&quot;}\">\n\t\t\t\t\t<div class=\"e-con-inner\">\n\t\t\t\t<div class=\"elementor-element elementor-element-e867f3b elementor-widget elementor-widget-heading\" data-id=\"e867f3b\" data-element_type=\"widget\" data-e-type=\"widget\" data-widget_type=\"heading.default\">\n\t\t\t\t\t<h2 class=\"elementor-heading-title elementor-size-default\">Zerbitzuak<\/h2>\t\t\t\t<\/div>\n\t\t\t\t\t<\/div>\n\t\t\t\t<\/div>\n\t\t<div class=\"elementor-element elementor-element-1a5d671 e-flex e-con-boxed e-con e-parent\" data-id=\"1a5d671\" data-element_type=\"container\" data-e-type=\"container\" data-settings=\"{&quot;background_background&quot;:&quot;classic&quot;}\">\n\t\t\t\t\t<div class=\"e-con-inner\">\n\t\t<div class=\"elementor-element elementor-element-3980d47 e-con-full e-flex e-con e-child\" data-id=\"3980d47\" data-element_type=\"container\" data-e-type=\"container\">\n\t\t\t\t<div class=\"elementor-element elementor-element-f056969 elementor-widget elementor-widget-image\" data-id=\"f056969\" data-element_type=\"widget\" data-e-type=\"widget\" data-widget_type=\"image.default\">\n\t\t\t\t\t\t\t\t\t\t\t\t\t\t\t<img fetchpriority=\"high\" decoding=\"async\" width=\"2048\" height=\"1432\" src=\"https:\/\/enlagaperitaciones.com\/wp-content\/uploads\/2026\/04\/electrician-builder-at-work-installation-of-lamps-2026-03-24-00-25-26-utc-2048x1432.jpg\" class=\"attachment-2048x2048 size-2048x2048 wp-image-301\" alt=\"\" srcset=\"https:\/\/enlagaperitaciones.com\/wp-content\/uploads\/2026\/04\/electrician-builder-at-work-installation-of-lamps-2026-03-24-00-25-26-utc-2048x1432.jpg 2048w, https:\/\/enlagaperitaciones.com\/wp-content\/uploads\/2026\/04\/electrician-builder-at-work-installation-of-lamps-2026-03-24-00-25-26-utc-300x210.jpg 300w, https:\/\/enlagaperitaciones.com\/wp-content\/uploads\/2026\/04\/electrician-builder-at-work-installation-of-lamps-2026-03-24-00-25-26-utc-1024x716.jpg 1024w, https:\/\/enlagaperitaciones.com\/wp-content\/uploads\/2026\/04\/electrician-builder-at-work-installation-of-lamps-2026-03-24-00-25-26-utc-768x537.jpg 768w, https:\/\/enlagaperitaciones.com\/wp-content\/uploads\/2026\/04\/electrician-builder-at-work-installation-of-lamps-2026-03-24-00-25-26-utc-1536x1074.jpg 1536w, https:\/\/enlagaperitaciones.com\/wp-content\/uploads\/2026\/04\/electrician-builder-at-work-installation-of-lamps-2026-03-24-00-25-26-utc-18x12.jpg 18w\" sizes=\"(max-width: 2048px) 100vw, 2048px\" \/>\t\t\t\t\t\t\t\t\t\t\t\t\t\t\t<\/div>\n\t\t\t\t<\/div>\n\t\t<div class=\"elementor-element elementor-element-b4d6192 e-con-full e-flex e-con e-child\" data-id=\"b4d6192\" data-element_type=\"container\" data-e-type=\"container\">\n\t\t\t\t<div class=\"elementor-element elementor-element-2af9961 elementor-widget elementor-widget-heading\" data-id=\"2af9961\" data-element_type=\"widget\" data-e-type=\"widget\" data-widget_type=\"heading.default\">\n\t\t\t\t\t<h2 class=\"elementor-heading-title elementor-size-default\">Tasaci\u00f3n y Valoraci\u00f3n T\u00e9cnica de Siniestros<\/h2>\t\t\t\t<\/div>\n\t\t\t\t<div class=\"elementor-element elementor-element-ca27929 elementor-widget elementor-widget-text-editor\" data-id=\"ca27929\" data-element_type=\"widget\" data-e-type=\"widget\" data-widget_type=\"text-editor.default\">\n\t\t\t\t\t\t\t\t\t<p>Ofrecemos un servicio de peritaci\u00f3n integral especializado en la determinaci\u00f3n de causas, valoraci\u00f3n de da\u00f1os y propuesta de indemnizaci\u00f3n. Actuamos con total objetividad y rigor t\u00e9cnico para garantizar una resoluci\u00f3n justa del expediente.<\/p>\t\t\t\t\t\t\t\t<\/div>\n\t\t\t\t<\/div>\n\t\t\t\t\t<\/div>\n\t\t\t\t<\/div>\n\t\t<div class=\"elementor-element elementor-element-0592830 e-con-full e-flex e-con e-parent\" data-id=\"0592830\" data-element_type=\"container\" data-e-type=\"container\" data-settings=\"{&quot;background_background&quot;:&quot;classic&quot;}\">\n\t\t\t\t<div class=\"elementor-element elementor-element-212c885 elementor-widget elementor-widget-spacer\" data-id=\"212c885\" data-element_type=\"widget\" data-e-type=\"widget\" data-widget_type=\"spacer.default\">\n\t\t\t\t\t\t\t<div class=\"elementor-spacer\">\n\t\t\t<div class=\"elementor-spacer-inner\"><\/div>\n\t\t<\/div>\n\t\t\t\t\t\t<\/div>\n\t\t\t\t<\/div>\n\t\t<div class=\"elementor-element elementor-element-30fe866 e-flex e-con-boxed e-con e-parent\" data-id=\"30fe866\" data-element_type=\"container\" data-e-type=\"container\" data-settings=\"{&quot;background_background&quot;:&quot;classic&quot;}\">\n\t\t\t\t\t<div class=\"e-con-inner\">\n\t\t<div class=\"elementor-element elementor-element-5ec3c3f e-con-full e-flex e-con e-child\" data-id=\"5ec3c3f\" data-element_type=\"container\" data-e-type=\"container\">\n\t\t\t\t<div class=\"elementor-element elementor-element-46c3df3 elementor-widget elementor-widget-heading\" data-id=\"46c3df3\" data-element_type=\"widget\" data-e-type=\"widget\" data-widget_type=\"heading.default\">\n\t\t\t\t\t<h2 class=\"elementor-heading-title elementor-size-default\">Dict\u00e1menes Periciales y Contraperitajes<\/h2>\t\t\t\t<\/div>\n\t\t\t\t<div class=\"elementor-element elementor-element-69ee0ab elementor-widget elementor-widget-text-editor\" data-id=\"69ee0ab\" data-element_type=\"widget\" data-e-type=\"widget\" data-widget_type=\"text-editor.default\">\n\t\t\t\t\t\t\t\t\t<p data-path-to-node=\"9,1,0\">Elaboramos informes periciales de parte destinados a procesos judiciales, aportando la evidencia t\u00e9cnica necesaria para la defensa de sus intereses. Nuestros peritos est\u00e1n capacitados para la ratificaci\u00f3n de informes ante los tribunales de justicia.<\/p>\t\t\t\t\t\t\t\t<\/div>\n\t\t\t\t<\/div>\n\t\t<div class=\"elementor-element elementor-element-86c354c e-con-full e-flex e-con e-child\" data-id=\"86c354c\" data-element_type=\"container\" data-e-type=\"container\">\n\t\t\t\t<div class=\"elementor-element elementor-element-e2b5291 elementor-widget elementor-widget-image\" data-id=\"e2b5291\" data-element_type=\"widget\" data-e-type=\"widget\" data-widget_type=\"image.default\">\n\t\t\t\t\t\t\t\t\t\t\t\t\t\t\t<img decoding=\"async\" width=\"2048\" height=\"1365\" src=\"https:\/\/enlagaperitaciones.com\/wp-content\/uploads\/2026\/04\/12a23bc6-badd-4812-a7ff-12e0d2e387c8-2026-04-13-2048x1365.jpeg\" class=\"attachment-2048x2048 size-2048x2048 wp-image-302\" alt=\"\" srcset=\"https:\/\/enlagaperitaciones.com\/wp-content\/uploads\/2026\/04\/12a23bc6-badd-4812-a7ff-12e0d2e387c8-2026-04-13-2048x1365.jpeg 2048w, https:\/\/enlagaperitaciones.com\/wp-content\/uploads\/2026\/04\/12a23bc6-badd-4812-a7ff-12e0d2e387c8-2026-04-13-300x200.jpeg 300w, https:\/\/enlagaperitaciones.com\/wp-content\/uploads\/2026\/04\/12a23bc6-badd-4812-a7ff-12e0d2e387c8-2026-04-13-1024x683.jpeg 1024w, https:\/\/enlagaperitaciones.com\/wp-content\/uploads\/2026\/04\/12a23bc6-badd-4812-a7ff-12e0d2e387c8-2026-04-13-768x512.jpeg 768w, https:\/\/enlagaperitaciones.com\/wp-content\/uploads\/2026\/04\/12a23bc6-badd-4812-a7ff-12e0d2e387c8-2026-04-13-1536x1024.jpeg 1536w, https:\/\/enlagaperitaciones.com\/wp-content\/uploads\/2026\/04\/12a23bc6-badd-4812-a7ff-12e0d2e387c8-2026-04-13-18x12.jpeg 18w\" sizes=\"(max-width: 2048px) 100vw, 2048px\" \/>\t\t\t\t\t\t\t\t\t\t\t\t\t\t\t<\/div>\n\t\t\t\t<\/div>\n\t\t\t\t\t<\/div>\n\t\t\t\t<\/div>\n\t\t<div class=\"elementor-element elementor-element-6ab570c e-con-full e-flex e-con e-parent\" data-id=\"6ab570c\" data-element_type=\"container\" data-e-type=\"container\" data-settings=\"{&quot;background_background&quot;:&quot;classic&quot;}\">\n\t\t\t\t<div class=\"elementor-element elementor-element-7572209 elementor-widget elementor-widget-spacer\" data-id=\"7572209\" data-element_type=\"widget\" data-e-type=\"widget\" data-widget_type=\"spacer.default\">\n\t\t\t\t\t\t\t<div class=\"elementor-spacer\">\n\t\t\t<div class=\"elementor-spacer-inner\"><\/div>\n\t\t<\/div>\n\t\t\t\t\t\t<\/div>\n\t\t\t\t<\/div>\n\t\t<div class=\"elementor-element elementor-element-d0f00a2 e-flex e-con-boxed e-con e-parent\" data-id=\"d0f00a2\" data-element_type=\"container\" data-e-type=\"container\" data-settings=\"{&quot;background_background&quot;:&quot;classic&quot;}\">\n\t\t\t\t\t<div class=\"e-con-inner\">\n\t\t<div class=\"elementor-element elementor-element-2d055ea e-con-full e-flex e-con e-child\" data-id=\"2d055ea\" data-element_type=\"container\" data-e-type=\"container\">\n\t\t\t\t<div class=\"elementor-element elementor-element-377b272 elementor-widget elementor-widget-image\" data-id=\"377b272\" data-element_type=\"widget\" data-e-type=\"widget\" data-widget_type=\"image.default\">\n\t\t\t\t\t\t\t\t\t\t\t\t\t\t\t<img decoding=\"async\" width=\"2048\" height=\"1563\" src=\"https:\/\/enlagaperitaciones.com\/wp-content\/uploads\/2026\/04\/d770e088-5901-47d8-94d4-74daec9773ca-2026-04-13-2048x1563.jpeg\" class=\"attachment-2048x2048 size-2048x2048 wp-image-303\" alt=\"\" srcset=\"https:\/\/enlagaperitaciones.com\/wp-content\/uploads\/2026\/04\/d770e088-5901-47d8-94d4-74daec9773ca-2026-04-13-2048x1563.jpeg 2048w, https:\/\/enlagaperitaciones.com\/wp-content\/uploads\/2026\/04\/d770e088-5901-47d8-94d4-74daec9773ca-2026-04-13-300x229.jpeg 300w, https:\/\/enlagaperitaciones.com\/wp-content\/uploads\/2026\/04\/d770e088-5901-47d8-94d4-74daec9773ca-2026-04-13-1024x782.jpeg 1024w, https:\/\/enlagaperitaciones.com\/wp-content\/uploads\/2026\/04\/d770e088-5901-47d8-94d4-74daec9773ca-2026-04-13-768x586.jpeg 768w, https:\/\/enlagaperitaciones.com\/wp-content\/uploads\/2026\/04\/d770e088-5901-47d8-94d4-74daec9773ca-2026-04-13-1536x1173.jpeg 1536w, https:\/\/enlagaperitaciones.com\/wp-content\/uploads\/2026\/04\/d770e088-5901-47d8-94d4-74daec9773ca-2026-04-13-16x12.jpeg 16w\" sizes=\"(max-width: 2048px) 100vw, 2048px\" \/>\t\t\t\t\t\t\t\t\t\t\t\t\t\t\t<\/div>\n\t\t\t\t<\/div>\n\t\t<div class=\"elementor-element elementor-element-5dc8ac0 e-con-full e-flex e-con e-child\" data-id=\"5dc8ac0\" data-element_type=\"container\" data-e-type=\"container\">\n\t\t\t\t<div class=\"elementor-element elementor-element-e5ce77b elementor-widget elementor-widget-heading\" data-id=\"e5ce77b\" data-element_type=\"widget\" data-e-type=\"widget\" data-widget_type=\"heading.default\">\n\t\t\t\t\t<h2 class=\"elementor-heading-title elementor-size-default\">Gesti\u00f3n Integral de Asistencia y Reparaci\u00f3n<\/h2>\t\t\t\t<\/div>\n\t\t\t\t<div class=\"elementor-element elementor-element-205d0eb elementor-widget elementor-widget-text-editor\" data-id=\"205d0eb\" data-element_type=\"widget\" data-e-type=\"widget\" data-widget_type=\"text-editor.default\">\n\t\t\t\t\t\t\t\t\t<p>No solo evaluamos el da\u00f1o, acompa\u00f1amos en la soluci\u00f3n. Gestionamos la coordinaci\u00f3n de gremios y el control de calidad de las reparaciones para asegurar que el bien afectado recupere su estado original en el menor tiempo posible.<\/p>\t\t\t\t\t\t\t\t<\/div>\n\t\t\t\t<\/div>\n\t\t\t\t\t<\/div>\n\t\t\t\t<\/div>\n\t\t<div class=\"elementor-element elementor-element-f0fd634 e-flex e-con-boxed e-con e-parent\" data-id=\"f0fd634\" data-element_type=\"container\" data-e-type=\"container\" data-settings=\"{&quot;background_background&quot;:&quot;classic&quot;}\">\n\t\t\t\t\t<div class=\"e-con-inner\">\n\t\t\t\t<div class=\"elementor-element elementor-element-86d15ac elementor-widget elementor-widget-heading\" data-id=\"86d15ac\" data-element_type=\"widget\" data-e-type=\"widget\" data-widget_type=\"heading.default\">\n\t\t\t\t\t<h2 class=\"elementor-heading-title elementor-size-default\">\u00bfTienes dudas?<\/h2>\t\t\t\t<\/div>\n\t\t\t\t<div class=\"elementor-element elementor-element-29b01bf elementor-widget elementor-widget-button\" data-id=\"29b01bf\" data-element_type=\"widget\" data-e-type=\"widget\" data-widget_type=\"button.default\">\n\t\t\t\t\t\t\t\t\t\t<a class=\"elementor-button elementor-button-link elementor-size-sm\" href=\"https:\/\/enlagaperitaciones.com\/eu\/contacto\/\">\n\t\t\t\t\t\t<span class=\"elementor-button-content-wrapper\">\n\t\t\t\t\t\t\t\t\t<span class=\"elementor-button-text\">Consultar con un experto<\/span>\n\t\t\t\t\t<\/span>\n\t\t\t\t\t<\/a>\n\t\t\t\t\t\t\t\t<\/div>\n\t\t\t\t\t<\/div>\n\t\t\t\t<\/div>\n\t\t\t\t<\/div>","protected":false},"excerpt":{"rendered":"<p>Servicios Tasaci\u00f3n y Valoraci\u00f3n T\u00e9cnica de Siniestros Ofrecemos un servicio de peritaci\u00f3n integral especializado en la determinaci\u00f3n de causas, valoraci\u00f3n de da\u00f1os y propuesta de indemnizaci\u00f3n. Actuamos con total objetividad y rigor t\u00e9cnico para garantizar una resoluci\u00f3n justa del expediente. Dict\u00e1menes Periciales y Contraperitajes Elaboramos informes periciales de parte destinados a procesos judiciales, aportando la [&hellip;]<\/p>\n","protected":false},"author":1,"featured_media":0,"parent":0,"menu_order":0,"comment_status":"closed","ping_status":"closed","template":"elementor_canvas","meta":{"footnotes":""},"class_list":["post-12","page","type-page","status-publish","hentry"],"yoast_head":"<!-- This site is optimized with the Yoast SEO plugin v27.4 - https:\/\/yoast.com\/product\/yoast-seo-wordpress\/ -->\n<title>Servicios - Enlaga Peritaciones<\/title>\n<meta name=\"robots\" content=\"index, follow, max-snippet:-1, max-image-preview:large, max-video-preview:-1\" \/>\n<link rel=\"canonical\" href=\"https:\/\/enlagaperitaciones.com\/eu\/servicios\/\" \/>\n<meta property=\"og:locale\" content=\"en_US\" \/>\n<meta property=\"og:type\" content=\"article\" \/>\n<meta property=\"og:title\" content=\"Servicios - Enlaga Peritaciones\" \/>\n<meta property=\"og:description\" content=\"Servicios Tasaci\u00f3n y Valoraci\u00f3n T\u00e9cnica de Siniestros Ofrecemos un servicio de peritaci\u00f3n integral especializado en la determinaci\u00f3n de causas, valoraci\u00f3n de da\u00f1os y propuesta de indemnizaci\u00f3n. Actuamos con total objetividad y rigor t\u00e9cnico para garantizar una resoluci\u00f3n justa del expediente. Dict\u00e1menes Periciales y Contraperitajes Elaboramos informes periciales de parte destinados a procesos judiciales, aportando la [&hellip;]\" \/>\n<meta property=\"og:url\" content=\"https:\/\/enlagaperitaciones.com\/eu\/servicios\/\" \/>\n<meta property=\"og:site_name\" content=\"Enlaga Peritaciones\" \/>\n<meta property=\"article:modified_time\" content=\"2026-04-13T08:21:40+00:00\" \/>\n<meta property=\"og:image\" content=\"https:\/\/enlagaperitaciones.com\/wp-content\/uploads\/2026\/04\/electrician-builder-at-work-installation-of-lamps-2026-03-24-00-25-26-utc-2048x1432.jpg\" \/>\n<meta name=\"twitter:card\" content=\"summary_large_image\" \/>\n<meta name=\"twitter:label1\" content=\"Est. reading time\" \/>\n\t<meta name=\"twitter:data1\" content=\"1 minutua\" \/>\n<script type=\"application\/ld+json\" class=\"yoast-schema-graph\">{\"@context\":\"https:\\\/\\\/schema.org\",\"@graph\":[{\"@type\":\"WebPage\",\"@id\":\"https:\\\/\\\/enlagaperitaciones.com\\\/servicios\\\/\",\"url\":\"https:\\\/\\\/enlagaperitaciones.com\\\/servicios\\\/\",\"name\":\"Servicios - Enlaga Peritaciones\",\"isPartOf\":{\"@id\":\"https:\\\/\\\/enlagaperitaciones.com\\\/#website\"},\"primaryImageOfPage\":{\"@id\":\"https:\\\/\\\/enlagaperitaciones.com\\\/servicios\\\/#primaryimage\"},\"image\":{\"@id\":\"https:\\\/\\\/enlagaperitaciones.com\\\/servicios\\\/#primaryimage\"},\"thumbnailUrl\":\"https:\\\/\\\/enlagaperitaciones.com\\\/wp-content\\\/uploads\\\/2026\\\/04\\\/electrician-builder-at-work-installation-of-lamps-2026-03-24-00-25-26-utc-2048x1432.jpg\",\"datePublished\":\"2026-02-20T16:25:13+00:00\",\"dateModified\":\"2026-04-13T08:21:40+00:00\",\"breadcrumb\":{\"@id\":\"https:\\\/\\\/enlagaperitaciones.com\\\/servicios\\\/#breadcrumb\"},\"inLanguage\":\"eu\",\"potentialAction\":[{\"@type\":\"ReadAction\",\"target\":[\"https:\\\/\\\/enlagaperitaciones.com\\\/servicios\\\/\"]}]},{\"@type\":\"ImageObject\",\"inLanguage\":\"eu\",\"@id\":\"https:\\\/\\\/enlagaperitaciones.com\\\/servicios\\\/#primaryimage\",\"url\":\"https:\\\/\\\/enlagaperitaciones.com\\\/wp-content\\\/uploads\\\/2026\\\/04\\\/electrician-builder-at-work-installation-of-lamps-2026-03-24-00-25-26-utc-2048x1432.jpg\",\"contentUrl\":\"https:\\\/\\\/enlagaperitaciones.com\\\/wp-content\\\/uploads\\\/2026\\\/04\\\/electrician-builder-at-work-installation-of-lamps-2026-03-24-00-25-26-utc-2048x1432.jpg\"},{\"@type\":\"BreadcrumbList\",\"@id\":\"https:\\\/\\\/enlagaperitaciones.com\\\/servicios\\\/#breadcrumb\",\"itemListElement\":[{\"@type\":\"ListItem\",\"position\":1,\"name\":\"Portada\",\"item\":\"https:\\\/\\\/enlagaperitaciones.com\\\/\"},{\"@type\":\"ListItem\",\"position\":2,\"name\":\"Servicios\"}]},{\"@type\":\"WebSite\",\"@id\":\"https:\\\/\\\/enlagaperitaciones.com\\\/#website\",\"url\":\"https:\\\/\\\/enlagaperitaciones.com\\\/\",\"name\":\"Enlaga Peritaciones\",\"description\":\"Peritaci\u00f3n particulares y especialidad en seguros\",\"publisher\":{\"@id\":\"https:\\\/\\\/enlagaperitaciones.com\\\/#organization\"},\"potentialAction\":[{\"@type\":\"SearchAction\",\"target\":{\"@type\":\"EntryPoint\",\"urlTemplate\":\"https:\\\/\\\/enlagaperitaciones.com\\\/?s={search_term_string}\"},\"query-input\":{\"@type\":\"PropertyValueSpecification\",\"valueRequired\":true,\"valueName\":\"search_term_string\"}}],\"inLanguage\":\"eu\"},{\"@type\":\"Organization\",\"@id\":\"https:\\\/\\\/enlagaperitaciones.com\\\/#organization\",\"name\":\"Enlaga Peritaciones\",\"url\":\"https:\\\/\\\/enlagaperitaciones.com\\\/\",\"logo\":{\"@type\":\"ImageObject\",\"inLanguage\":\"eu\",\"@id\":\"https:\\\/\\\/enlagaperitaciones.com\\\/#\\\/schema\\\/logo\\\/image\\\/\",\"url\":\"https:\\\/\\\/enlagaperitaciones.com\\\/wp-content\\\/uploads\\\/2026\\\/03\\\/cropped-Diseno-sin-titulo-1.png\",\"contentUrl\":\"https:\\\/\\\/enlagaperitaciones.com\\\/wp-content\\\/uploads\\\/2026\\\/03\\\/cropped-Diseno-sin-titulo-1.png\",\"width\":276,\"height\":310,\"caption\":\"Enlaga Peritaciones\"},\"image\":{\"@id\":\"https:\\\/\\\/enlagaperitaciones.com\\\/#\\\/schema\\\/logo\\\/image\\\/\"}}]}<\/script>\n<!-- \/ Yoast SEO plugin. -->","yoast_head_json":{"title":"Servicios - Enlaga Peritaciones","robots":{"index":"index","follow":"follow","max-snippet":"max-snippet:-1","max-image-preview":"max-image-preview:large","max-video-preview":"max-video-preview:-1"},"canonical":"https:\/\/enlagaperitaciones.com\/eu\/servicios\/","og_locale":"en_US","og_type":"article","og_title":"Servicios - Enlaga Peritaciones","og_description":"Servicios Tasaci\u00f3n y Valoraci\u00f3n T\u00e9cnica de Siniestros Ofrecemos un servicio de peritaci\u00f3n integral especializado en la determinaci\u00f3n de causas, valoraci\u00f3n de da\u00f1os y propuesta de indemnizaci\u00f3n. Actuamos con total objetividad y rigor t\u00e9cnico para garantizar una resoluci\u00f3n justa del expediente. Dict\u00e1menes Periciales y Contraperitajes Elaboramos informes periciales de parte destinados a procesos judiciales, aportando la [&hellip;]","og_url":"https:\/\/enlagaperitaciones.com\/eu\/servicios\/","og_site_name":"Enlaga Peritaciones","article_modified_time":"2026-04-13T08:21:40+00:00","og_image":[{"url":"https:\/\/enlagaperitaciones.com\/wp-content\/uploads\/2026\/04\/electrician-builder-at-work-installation-of-lamps-2026-03-24-00-25-26-utc-2048x1432.jpg","type":"","width":"","height":""}],"twitter_card":"summary_large_image","twitter_misc":{"Est. reading time":"1 minutua"},"schema":{"@context":"https:\/\/schema.org","@graph":[{"@type":"WebPage","@id":"https:\/\/enlagaperitaciones.com\/servicios\/","url":"https:\/\/enlagaperitaciones.com\/servicios\/","name":"Servicios - Enlaga Peritaciones","isPartOf":{"@id":"https:\/\/enlagaperitaciones.com\/#website"},"primaryImageOfPage":{"@id":"https:\/\/enlagaperitaciones.com\/servicios\/#primaryimage"},"image":{"@id":"https:\/\/enlagaperitaciones.com\/servicios\/#primaryimage"},"thumbnailUrl":"https:\/\/enlagaperitaciones.com\/wp-content\/uploads\/2026\/04\/electrician-builder-at-work-installation-of-lamps-2026-03-24-00-25-26-utc-2048x1432.jpg","datePublished":"2026-02-20T16:25:13+00:00","dateModified":"2026-04-13T08:21:40+00:00","breadcrumb":{"@id":"https:\/\/enlagaperitaciones.com\/servicios\/#breadcrumb"},"inLanguage":"eu","potentialAction":[{"@type":"ReadAction","target":["https:\/\/enlagaperitaciones.com\/servicios\/"]}]},{"@type":"ImageObject","inLanguage":"eu","@id":"https:\/\/enlagaperitaciones.com\/servicios\/#primaryimage","url":"https:\/\/enlagaperitaciones.com\/wp-content\/uploads\/2026\/04\/electrician-builder-at-work-installation-of-lamps-2026-03-24-00-25-26-utc-2048x1432.jpg","contentUrl":"https:\/\/enlagaperitaciones.com\/wp-content\/uploads\/2026\/04\/electrician-builder-at-work-installation-of-lamps-2026-03-24-00-25-26-utc-2048x1432.jpg"},{"@type":"BreadcrumbList","@id":"https:\/\/enlagaperitaciones.com\/servicios\/#breadcrumb","itemListElement":[{"@type":"ListItem","position":1,"name":"Portada","item":"https:\/\/enlagaperitaciones.com\/"},{"@type":"ListItem","position":2,"name":"Servicios"}]},{"@type":"WebSite","@id":"https:\/\/enlagaperitaciones.com\/#website","url":"https:\/\/enlagaperitaciones.com\/","name":"Enlaga Peritaciones","description":"Peritaci\u00f3n particulares y especialidad en seguros","publisher":{"@id":"https:\/\/enlagaperitaciones.com\/#organization"},"potentialAction":[{"@type":"SearchAction","target":{"@type":"EntryPoint","urlTemplate":"https:\/\/enlagaperitaciones.com\/?s={search_term_string}"},"query-input":{"@type":"PropertyValueSpecification","valueRequired":true,"valueName":"search_term_string"}}],"inLanguage":"eu"},{"@type":"Organization","@id":"https:\/\/enlagaperitaciones.com\/#organization","name":"Enlaga Peritaciones","url":"https:\/\/enlagaperitaciones.com\/","logo":{"@type":"ImageObject","inLanguage":"eu","@id":"https:\/\/enlagaperitaciones.com\/#\/schema\/logo\/image\/","url":"https:\/\/enlagaperitaciones.com\/wp-content\/uploads\/2026\/03\/cropped-Diseno-sin-titulo-1.png","contentUrl":"https:\/\/enlagaperitaciones.com\/wp-content\/uploads\/2026\/03\/cropped-Diseno-sin-titulo-1.png","width":276,"height":310,"caption":"Enlaga Peritaciones"},"image":{"@id":"https:\/\/enlagaperitaciones.com\/#\/schema\/logo\/image\/"}}]}},"_links":{"self":[{"href":"https:\/\/enlagaperitaciones.com\/eu\/wp-json\/wp\/v2\/pages\/12","targetHints":{"allow":["GET"]}}],"collection":[{"href":"https:\/\/enlagaperitaciones.com\/eu\/wp-json\/wp\/v2\/pages"}],"about":[{"href":"https:\/\/enlagaperitaciones.com\/eu\/wp-json\/wp\/v2\/types\/page"}],"author":[{"embeddable":true,"href":"https:\/\/enlagaperitaciones.com\/eu\/wp-json\/wp\/v2\/users\/1"}],"replies":[{"embeddable":true,"href":"https:\/\/enlagaperitaciones.com\/eu\/wp-json\/wp\/v2\/comments?post=12"}],"version-history":[{"count":88,"href":"https:\/\/enlagaperitaciones.com\/eu\/wp-json\/wp\/v2\/pages\/12\/revisions"}],"predecessor-version":[{"id":354,"href":"https:\/\/enlagaperitaciones.com\/eu\/wp-json\/wp\/v2\/pages\/12\/revisions\/354"}],"wp:attachment":[{"href":"https:\/\/enlagaperitaciones.com\/eu\/wp-json\/wp\/v2\/media?parent=12"}],"curies":[{"name":"wp","href":"https:\/\/api.w.org\/{rel}","templated":true}]}}